{"id":1755,"date":"2020-08-04T18:52:37","date_gmt":"2020-08-04T16:52:37","guid":{"rendered":"https:\/\/pielgrzymkakociewie.pl\/?page_id=1755"},"modified":"2025-02-23T17:38:09","modified_gmt":"2025-02-23T16:38:09","slug":"video-2020","status":"publish","type":"page","link":"https:\/\/pielgrzymkakociewie.pl\/index.php\/video\/video-2020\/","title":{"rendered":"Video 2020"},"content":{"rendered":"\n<figure class=\"wp-block-embed-youtube wp-block-embed is-type-video is-provider-youtube wp-embed-aspect-16-9 wp-has-aspect-ratio\"><div class=\"wp-block-embed__wrapper\">\n<iframe loading=\"lazy\" title=\"Dzie\u0144 I - Starogard-Osiek 31.07.2020\" width=\"500\" height=\"281\" src=\"https:\/\/www.youtube.com\/embed\/Y-65WZDY-aE?feature=oembed\" frameborder=\"0\" allow=\"accelerometer; autoplay; clipboard-write; encrypted-media; gyroscope; picture-in-picture; web-share\" referrerpolicy=\"strict-origin-when-cross-origin\" allowfullscreen><\/iframe>\n<\/div><\/figure>\n\n\n\n<figure class=\"wp-block-embed-youtube wp-block-embed is-type-video is-provider-youtube wp-embed-aspect-16-9 wp-has-aspect-ratio\"><div class=\"wp-block-embed__wrapper\">\n<iframe loading=\"lazy\" title=\"Dzie\u0144 II - Osiek-Laskowice 1.08.2020\" width=\"500\" height=\"281\" src=\"https:\/\/www.youtube.com\/embed\/SU035hak04U?feature=oembed\" frameborder=\"0\" allow=\"accelerometer; autoplay; clipboard-write; encrypted-media; gyroscope; picture-in-picture; web-share\" referrerpolicy=\"strict-origin-when-cross-origin\" allowfullscreen><\/iframe>\n<\/div><\/figure>\n\n\n\n<figure class=\"wp-block-embed-youtube wp-block-embed is-type-video is-provider-youtube wp-embed-aspect-16-9 wp-has-aspect-ratio\"><div class=\"wp-block-embed__wrapper\">\n<iframe loading=\"lazy\" title=\"Dzie\u0144 III - Laskowice-Unis\u0142aw 2.08.2020\" width=\"500\" height=\"281\" src=\"https:\/\/www.youtube.com\/embed\/GIHWy6VADQY?feature=oembed\" frameborder=\"0\" allow=\"accelerometer; autoplay; clipboard-write; encrypted-media; gyroscope; picture-in-picture; web-share\" referrerpolicy=\"strict-origin-when-cross-origin\" allowfullscreen><\/iframe>\n<\/div><\/figure>\n\n\n\n<figure class=\"wp-block-embed-youtube wp-block-embed is-type-video is-provider-youtube wp-embed-aspect-16-9 wp-has-aspect-ratio\"><div class=\"wp-block-embed__wrapper\">\n<iframe loading=\"lazy\" title=\"Dzie\u0144 IV - Unis\u0142aw-Toru\u0144 3.08.2020\" width=\"500\" height=\"281\" src=\"https:\/\/www.youtube.com\/embed\/zuSnioSCy90?feature=oembed\" frameborder=\"0\" allow=\"accelerometer; autoplay; clipboard-write; encrypted-media; gyroscope; picture-in-picture; web-share\" referrerpolicy=\"strict-origin-when-cross-origin\" allowfullscreen><\/iframe>\n<\/div><\/figure>\n","protected":false},"excerpt":{"rendered":"","protected":false},"author":1,"featured_media":0,"parent":21,"menu_order":0,"comment_status":"closed","ping_status":"closed","template":"","meta":{"footnotes":""},"class_list":["post-1755","page","type-page","status-publish","hentry"],"_links":{"self":[{"href":"https:\/\/pielgrzymkakociewie.pl\/index.php\/wp-json\/wp\/v2\/pages\/1755","targetHints":{"allow":["GET"]}}],"collection":[{"href":"https:\/\/pielgrzymkakociewie.pl\/index.php\/wp-json\/wp\/v2\/pages"}],"about":[{"href":"https:\/\/pielgrzymkakociewie.pl\/index.php\/wp-json\/wp\/v2\/types\/page"}],"author":[{"embeddable":true,"href":"https:\/\/pielgrzymkakociewie.pl\/index.php\/wp-json\/wp\/v2\/users\/1"}],"replies":[{"embeddable":true,"href":"https:\/\/pielgrzymkakociewie.pl\/index.php\/wp-json\/wp\/v2\/comments?post=1755"}],"version-history":[{"count":2,"href":"https:\/\/pielgrzymkakociewie.pl\/index.php\/wp-json\/wp\/v2\/pages\/1755\/revisions"}],"predecessor-version":[{"id":1758,"href":"https:\/\/pielgrzymkakociewie.pl\/index.php\/wp-json\/wp\/v2\/pages\/1755\/revisions\/1758"}],"up":[{"embeddable":true,"href":"https:\/\/pielgrzymkakociewie.pl\/index.php\/wp-json\/wp\/v2\/pages\/21"}],"wp:attachment":[{"href":"https:\/\/pielgrzymkakociewie.pl\/index.php\/wp-json\/wp\/v2\/media?parent=1755"}],"curies":[{"name":"wp","href":"https:\/\/api.w.org\/{rel}","templated":true}]}}