{"id":4423,"date":"2022-05-19T16:51:03","date_gmt":"2022-05-19T14:51:03","guid":{"rendered":"https:\/\/pielgrzymkakociewie.pl\/?page_id=4423"},"modified":"2025-05-02T09:33:18","modified_gmt":"2025-05-02T07:33:18","slug":"warunki-uczestnictwa","status":"publish","type":"page","link":"https:\/\/pielgrzymkakociewie.pl\/index.php\/abc-pielgrzyma\/warunki-uczestnictwa\/","title":{"rendered":"Warunki uczestnictwa"},"content":{"rendered":"\n<div class=\"wp-block-media-text has-media-on-the-right is-stacked-on-mobile\" style=\"grid-template-columns:auto 40%\"><div class=\"wp-block-media-text__content\">\n<p>Pielgrzymka jest aktem religijnym. To szczeg\u00f3lny rodzaj rekolekcji w drodze, kt\u00f3re maj\u0105 charakter dzi\u0119kczynny i pokutny. Dlatego ka\u017cdy, kto chce uczestniczy\u0107 w pielgrzymce zobowi\u0105zany jest do zachowania, kt\u00f3re podkre\u015bla ten religijny wymiar.<\/p>\n<\/div><figure class=\"wp-block-media-text__media\"><a href=\"https:\/\/pielgrzymkakociewie.pl\/wp-content\/uploads\/2025\/05\/IMG_20190731_080256_1.jpg\" target=\"_blank\" rel=\" noreferrer noopener\"><img loading=\"lazy\" decoding=\"async\" width=\"1024\" height=\"512\" src=\"https:\/\/pielgrzymkakociewie.pl\/wp-content\/uploads\/2025\/05\/IMG_20190731_080256_1-1024x512.jpg\" alt=\"\" class=\"wp-image-12135 size-full\" srcset=\"https:\/\/pielgrzymkakociewie.pl\/wp-content\/uploads\/2025\/05\/IMG_20190731_080256_1-1024x512.jpg 1024w, https:\/\/pielgrzymkakociewie.pl\/wp-content\/uploads\/2025\/05\/IMG_20190731_080256_1-300x150.jpg 300w, https:\/\/pielgrzymkakociewie.pl\/wp-content\/uploads\/2025\/05\/IMG_20190731_080256_1-150x75.jpg 150w, https:\/\/pielgrzymkakociewie.pl\/wp-content\/uploads\/2025\/05\/IMG_20190731_080256_1-768x384.jpg 768w, https:\/\/pielgrzymkakociewie.pl\/wp-content\/uploads\/2025\/05\/IMG_20190731_080256_1.jpg 1200w\" sizes=\"auto, (max-width: 1024px) 100vw, 1024px\" \/><\/a><\/figure><\/div>\n\n\n\n<div class=\"wp-block-media-text is-stacked-on-mobile\" style=\"grid-template-columns:40% auto\"><figure class=\"wp-block-media-text__media\"><a href=\"https:\/\/pielgrzymkakociewie.pl\/wp-content\/uploads\/2025\/05\/IMG20220809072608.jpg\" target=\"_blank\" rel=\" noreferrer noopener\"><img loading=\"lazy\" decoding=\"async\" width=\"1024\" height=\"461\" src=\"https:\/\/pielgrzymkakociewie.pl\/wp-content\/uploads\/2025\/05\/IMG20220809072608-1024x461.jpg\" alt=\"\" class=\"wp-image-11443 size-full\" srcset=\"https:\/\/pielgrzymkakociewie.pl\/wp-content\/uploads\/2025\/05\/IMG20220809072608-1024x461.jpg 1024w, https:\/\/pielgrzymkakociewie.pl\/wp-content\/uploads\/2025\/05\/IMG20220809072608-300x135.jpg 300w, https:\/\/pielgrzymkakociewie.pl\/wp-content\/uploads\/2025\/05\/IMG20220809072608-150x68.jpg 150w, https:\/\/pielgrzymkakociewie.pl\/wp-content\/uploads\/2025\/05\/IMG20220809072608-768x346.jpg 768w, https:\/\/pielgrzymkakociewie.pl\/wp-content\/uploads\/2025\/05\/IMG20220809072608.jpg 1200w\" sizes=\"auto, (max-width: 1024px) 100vw, 1024px\" \/><\/a><\/figure><div class=\"wp-block-media-text__content\">\n<p>Uczestniczy\u0107 w pielgrzymce mo\u017ce ka\u017cdy, kto:<\/p>\n\n\n\n<ul class=\"wp-block-list\">\n<li>stosuje si\u0119 do polece\u0144 kierownika i s\u0142u\u017cb porz\u0105dkowych<\/li>\n\n\n\n<li>pragnie pog\u0142\u0119bi\u0107 swoj\u0105 relacj\u0119 z Bogiem<\/li>\n\n\n\n<li>akceptuje religijny charakter Pielgrzymki<\/li>\n\n\n\n<li>dokona zapis\u00f3w online<\/li>\n\n\n\n<li>akceptuje regulamin<\/li>\n<\/ul>\n<\/div><\/div>\n\n\n\n<p><\/p>\n","protected":false},"excerpt":{"rendered":"<p>Pielgrzymka jest aktem religijnym. To szczeg\u00f3lny rodzaj rekolekcji w drodze, kt\u00f3re maj\u0105 charakter dzi\u0119kczynny i pokutny. Dlatego ka\u017cdy, kto chce uczestniczy\u0107 w pielgrzymce zobowi\u0105zany jest do zachowania, kt\u00f3re podkre\u015bla ten religijny wymiar.<\/p>\n","protected":false},"author":1,"featured_media":0,"parent":4411,"menu_order":0,"comment_status":"closed","ping_status":"closed","template":"","meta":{"footnotes":""},"class_list":["post-4423","page","type-page","status-publish","hentry"],"_links":{"self":[{"href":"https:\/\/pielgrzymkakociewie.pl\/index.php\/wp-json\/wp\/v2\/pages\/4423","targetHints":{"allow":["GET"]}}],"collection":[{"href":"https:\/\/pielgrzymkakociewie.pl\/index.php\/wp-json\/wp\/v2\/pages"}],"about":[{"href":"https:\/\/pielgrzymkakociewie.pl\/index.php\/wp-json\/wp\/v2\/types\/page"}],"author":[{"embeddable":true,"href":"https:\/\/pielgrzymkakociewie.pl\/index.php\/wp-json\/wp\/v2\/users\/1"}],"replies":[{"embeddable":true,"href":"https:\/\/pielgrzymkakociewie.pl\/index.php\/wp-json\/wp\/v2\/comments?post=4423"}],"version-history":[{"count":19,"href":"https:\/\/pielgrzymkakociewie.pl\/index.php\/wp-json\/wp\/v2\/pages\/4423\/revisions"}],"predecessor-version":[{"id":12887,"href":"https:\/\/pielgrzymkakociewie.pl\/index.php\/wp-json\/wp\/v2\/pages\/4423\/revisions\/12887"}],"up":[{"embeddable":true,"href":"https:\/\/pielgrzymkakociewie.pl\/index.php\/wp-json\/wp\/v2\/pages\/4411"}],"wp:attachment":[{"href":"https:\/\/pielgrzymkakociewie.pl\/index.php\/wp-json\/wp\/v2\/media?parent=4423"}],"curies":[{"name":"wp","href":"https:\/\/api.w.org\/{rel}","templated":true}]}}