{"id":4431,"date":"2022-05-19T16:51:03","date_gmt":"2022-05-19T14:51:03","guid":{"rendered":"https:\/\/pielgrzymkakociewie.pl\/?page_id=4431"},"modified":"2025-03-01T17:08:09","modified_gmt":"2025-03-01T16:08:09","slug":"wyzywienie","status":"publish","type":"page","link":"https:\/\/pielgrzymkakociewie.pl\/index.php\/abc-pielgrzyma\/wyzywienie\/","title":{"rendered":"Wy\u017cywienie"},"content":{"rendered":"\n<p>Przez wi\u0119ksz\u0105 cz\u0119\u015b\u0107 trasy mamy zapewnione posi\u0142ki. Dzi\u0119ki dobroci ludzi, kt\u00f3rzy przyjmuj\u0105 nas pod sw\u00f3j dach, zazwyczaj otrzymujemy ciep\u0142y posi\u0142ek po doj\u015bciu na miejsce noclegowe, oraz \u015bniadanie rano. Cz\u0119sto te\u017c gospodarze troszcz\u0105 si\u0119 o prowiant na drog\u0119. Tam, gdzie noclegi s\u0105 w salach zbiorowych (remizy, szko\u0142y, \u015bwietlice) wy\u017cywienie przygotowuj\u0105 mieszka\u0144cy. W ci\u0105gu dnia jest jeden d\u0142u\u017cszy post\u00f3j, tzw. obiadowy, podczas kt\u00f3rego miejscowi szykuj\u0105 dla nas posi\u0142ek.<\/p>\n\n\n\n<p>Czasami mo\u017ce si\u0119 zdarzy\u0107, \u017ce nie b\u0119dzie posi\u0142ku, wtedy kupujemy go za w\u0142asne pieni\u0105dze.<\/p>\n","protected":false},"excerpt":{"rendered":"<p>Przez wi\u0119ksz\u0105 cz\u0119\u015b\u0107 trasy mamy zapewnione posi\u0142ki. Dzi\u0119ki dobroci ludzi, kt\u00f3rzy przyjmuj\u0105 nas pod sw\u00f3j dach, zazwyczaj otrzymujemy ciep\u0142y posi\u0142ek po doj\u015bciu na miejsce noclegowe, oraz \u015bniadanie rano. Cz\u0119sto te\u017c gospodarze troszcz\u0105 si\u0119 o prowiant na drog\u0119. Tam, gdzie noclegi s\u0105 w salach zbiorowych (remizy, szko\u0142y, \u015bwietlice) wy\u017cywienie przygotowuj\u0105 mieszka\u0144cy. W ci\u0105gu dnia jest jeden [&hellip;]<\/p>\n","protected":false},"author":1,"featured_media":0,"parent":4411,"menu_order":0,"comment_status":"closed","ping_status":"closed","template":"","meta":{"footnotes":""},"class_list":["post-4431","page","type-page","status-publish","hentry"],"_links":{"self":[{"href":"https:\/\/pielgrzymkakociewie.pl\/index.php\/wp-json\/wp\/v2\/pages\/4431","targetHints":{"allow":["GET"]}}],"collection":[{"href":"https:\/\/pielgrzymkakociewie.pl\/index.php\/wp-json\/wp\/v2\/pages"}],"about":[{"href":"https:\/\/pielgrzymkakociewie.pl\/index.php\/wp-json\/wp\/v2\/types\/page"}],"author":[{"embeddable":true,"href":"https:\/\/pielgrzymkakociewie.pl\/index.php\/wp-json\/wp\/v2\/users\/1"}],"replies":[{"embeddable":true,"href":"https:\/\/pielgrzymkakociewie.pl\/index.php\/wp-json\/wp\/v2\/comments?post=4431"}],"version-history":[{"count":3,"href":"https:\/\/pielgrzymkakociewie.pl\/index.php\/wp-json\/wp\/v2\/pages\/4431\/revisions"}],"predecessor-version":[{"id":8831,"href":"https:\/\/pielgrzymkakociewie.pl\/index.php\/wp-json\/wp\/v2\/pages\/4431\/revisions\/8831"}],"up":[{"embeddable":true,"href":"https:\/\/pielgrzymkakociewie.pl\/index.php\/wp-json\/wp\/v2\/pages\/4411"}],"wp:attachment":[{"href":"https:\/\/pielgrzymkakociewie.pl\/index.php\/wp-json\/wp\/v2\/media?parent=4431"}],"curies":[{"name":"wp","href":"https:\/\/api.w.org\/{rel}","templated":true}]}}