{"id":544,"date":"2015-11-16T22:30:02","date_gmt":"2015-11-16T21:30:02","guid":{"rendered":"https:\/\/pielgrzymkakociewie.pl\/?page_id=544"},"modified":"2019-10-24T10:15:01","modified_gmt":"2019-10-24T08:15:01","slug":"formularz","status":"publish","type":"page","link":"https:\/\/pielgrzymkakociewie.pl\/index.php\/formularz\/","title":{"rendered":"Formularz"},"content":{"rendered":"<p><strong>Prosz\u0119, uzupe\u0142nij nast\u0119puj\u0105ce dane.<\/strong><\/p>\n<p>[contact-form-7 id=&#8221;543&#8243; title=&#8221;Formularz 1&#8243;]<\/p>\n<p>&nbsp;<\/p>\n","protected":false},"excerpt":{"rendered":"<p>Prosz\u0119, uzupe\u0142nij nast\u0119puj\u0105ce dane. [contact-form-7 id=&#8221;543&#8243; title=&#8221;Formularz 1&#8243;] &nbsp;<\/p>\n","protected":false},"author":1,"featured_media":0,"parent":0,"menu_order":2,"comment_status":"closed","ping_status":"closed","template":"","meta":{"footnotes":""},"class_list":["post-544","page","type-page","status-publish","hentry"],"_links":{"self":[{"href":"https:\/\/pielgrzymkakociewie.pl\/index.php\/wp-json\/wp\/v2\/pages\/544","targetHints":{"allow":["GET"]}}],"collection":[{"href":"https:\/\/pielgrzymkakociewie.pl\/index.php\/wp-json\/wp\/v2\/pages"}],"about":[{"href":"https:\/\/pielgrzymkakociewie.pl\/index.php\/wp-json\/wp\/v2\/types\/page"}],"author":[{"embeddable":true,"href":"https:\/\/pielgrzymkakociewie.pl\/index.php\/wp-json\/wp\/v2\/users\/1"}],"replies":[{"embeddable":true,"href":"https:\/\/pielgrzymkakociewie.pl\/index.php\/wp-json\/wp\/v2\/comments?post=544"}],"version-history":[{"count":8,"href":"https:\/\/pielgrzymkakociewie.pl\/index.php\/wp-json\/wp\/v2\/pages\/544\/revisions"}],"predecessor-version":[{"id":7774,"href":"https:\/\/pielgrzymkakociewie.pl\/index.php\/wp-json\/wp\/v2\/pages\/544\/revisions\/7774"}],"wp:attachment":[{"href":"https:\/\/pielgrzymkakociewie.pl\/index.php\/wp-json\/wp\/v2\/media?parent=544"}],"curies":[{"name":"wp","href":"https:\/\/api.w.org\/{rel}","templated":true}]}}