{"id":669,"date":"2016-08-05T14:09:35","date_gmt":"2016-08-05T12:09:35","guid":{"rendered":"https:\/\/pielgrzymkakociewie.pl\/?page_id=669"},"modified":"2025-02-23T18:36:13","modified_gmt":"2025-02-23T17:36:13","slug":"konferencje-2016","status":"publish","type":"page","link":"https:\/\/pielgrzymkakociewie.pl\/index.php\/audio\/konferencje\/konferencje-2016\/","title":{"rendered":"Konferencje 2016"},"content":{"rendered":"\n<p>Konferencja I &#8211; ks. \u0141ukasz Simi\u0144ski<\/p>\n\n\n\n<figure class=\"wp-block-audio\"><audio controls src=\"https:\/\/pielgrzymkakociewie.pl\/wp-content\/uploads\/2016\/08\/01_x.siminski.mp3\"><\/audio><\/figure>\n\n\n\n<p>Konferencja II &#8211; ks. Janusz Lipski<\/p>\n\n\n\n<figure class=\"wp-block-audio\"><audio controls src=\"https:\/\/pielgrzymkakociewie.pl\/wp-content\/uploads\/2016\/08\/02_x.lipski.mp3\"><\/audio><\/figure>\n\n\n\n<p>Konferencja III &#8211; ks. Marcin Kunda<\/p>\n\n\n\n<figure class=\"wp-block-audio\"><audio controls src=\"https:\/\/pielgrzymkakociewie.pl\/wp-content\/uploads\/2016\/08\/03_x.kunda_.mp3\"><\/audio><\/figure>\n\n\n\n<p>Konferencja IV &#8211; ks. Andrzej Tali\u0144ski<\/p>\n\n\n\n<figure class=\"wp-block-audio\"><audio controls src=\"https:\/\/pielgrzymkakociewie.pl\/wp-content\/uploads\/2016\/08\/04_x.talinski.mp3\"><\/audio><\/figure>\n\n\n\n<p>Konferencja V &#8211; ks. Jerzy Zgoda<\/p>\n\n\n\n<figure class=\"wp-block-audio\"><audio controls src=\"https:\/\/pielgrzymkakociewie.pl\/wp-content\/uploads\/2016\/08\/05_x.zgoda_.mp3\"><\/audio><\/figure>\n\n\n\n<p>Konferencja VI &#8211; ks. Rafa\u0142 Barci\u0144ski<\/p>\n\n\n\n<figure class=\"wp-block-audio\"><audio controls src=\"https:\/\/pielgrzymkakociewie.pl\/wp-content\/uploads\/2016\/08\/06_x.barcinski.mp3\"><\/audio><\/figure>\n\n\n\n<p>Konferencja VII &#8211; ks. Stanis\u0142aw Mejer<\/p>\n\n\n\n<figure class=\"wp-block-audio\"><audio controls src=\"https:\/\/pielgrzymkakociewie.pl\/wp-content\/uploads\/2016\/08\/07_x.mejer_.mp3\"><\/audio><\/figure>\n\n\n\n<p>Konferencja VIII &#8211; ks. Antoni B\u0105czkowski<\/p>\n\n\n\n<figure class=\"wp-block-audio\"><audio controls src=\"https:\/\/pielgrzymkakociewie.pl\/wp-content\/uploads\/2016\/08\/08_x.baczkowski.mp3\"><\/audio><\/figure>\n\n\n\n<p>Konferencja IX &#8211; dk. Dawid Suchomski<\/p>\n\n\n\n<figure class=\"wp-block-audio\"><audio controls src=\"https:\/\/pielgrzymkakociewie.pl\/wp-content\/uploads\/2016\/08\/09_dk.suchomski.mp3\"><\/audio><\/figure>\n\n\n\n<p>Konferencja X &#8211; ks. Andrzej Tali\u0144ski<\/p>\n\n\n\n<figure class=\"wp-block-audio\"><audio controls src=\"https:\/\/pielgrzymkakociewie.pl\/wp-content\/uploads\/2016\/08\/10_x.talinski.mp3\"><\/audio><\/figure>\n\n\n\n<p>Konferencja XI &#8211; ks. bp. Ryszard Kasyna<\/p>\n\n\n\n<figure class=\"wp-block-audio\"><audio controls src=\"https:\/\/pielgrzymkakociewie.pl\/wp-content\/uploads\/2016\/08\/11_bp.kasyna.mp3\"><\/audio><\/figure>\n\n\n\n<p>&nbsp;<\/p>\n","protected":false},"excerpt":{"rendered":"<p>Konferencja I &#8211; ks. \u0141ukasz Simi\u0144ski Konferencja II &#8211; ks. Janusz Lipski Konferencja III &#8211; ks. Marcin Kunda Konferencja IV &#8211; ks. Andrzej Tali\u0144ski Konferencja V &#8211; ks. Jerzy Zgoda Konferencja VI &#8211; ks. Rafa\u0142 Barci\u0144ski Konferencja VII &#8211; ks. Stanis\u0142aw Mejer Konferencja VIII &#8211; ks. Antoni B\u0105czkowski Konferencja IX &#8211; dk. Dawid Suchomski Konferencja [&hellip;]<\/p>\n","protected":false},"author":1,"featured_media":0,"parent":1389,"menu_order":26,"comment_status":"closed","ping_status":"closed","template":"","meta":{"footnotes":""},"class_list":["post-669","page","type-page","status-publish","hentry"],"_links":{"self":[{"href":"https:\/\/pielgrzymkakociewie.pl\/index.php\/wp-json\/wp\/v2\/pages\/669","targetHints":{"allow":["GET"]}}],"collection":[{"href":"https:\/\/pielgrzymkakociewie.pl\/index.php\/wp-json\/wp\/v2\/pages"}],"about":[{"href":"https:\/\/pielgrzymkakociewie.pl\/index.php\/wp-json\/wp\/v2\/types\/page"}],"author":[{"embeddable":true,"href":"https:\/\/pielgrzymkakociewie.pl\/index.php\/wp-json\/wp\/v2\/users\/1"}],"replies":[{"embeddable":true,"href":"https:\/\/pielgrzymkakociewie.pl\/index.php\/wp-json\/wp\/v2\/comments?post=669"}],"version-history":[{"count":6,"href":"https:\/\/pielgrzymkakociewie.pl\/index.php\/wp-json\/wp\/v2\/pages\/669\/revisions"}],"predecessor-version":[{"id":7846,"href":"https:\/\/pielgrzymkakociewie.pl\/index.php\/wp-json\/wp\/v2\/pages\/669\/revisions\/7846"}],"up":[{"embeddable":true,"href":"https:\/\/pielgrzymkakociewie.pl\/index.php\/wp-json\/wp\/v2\/pages\/1389"}],"wp:attachment":[{"href":"https:\/\/pielgrzymkakociewie.pl\/index.php\/wp-json\/wp\/v2\/media?parent=669"}],"curies":[{"name":"wp","href":"https:\/\/api.w.org\/{rel}","templated":true}]}}