{"id":788,"date":"2017-08-06T19:02:00","date_gmt":"2017-08-06T17:02:00","guid":{"rendered":"https:\/\/pielgrzymkakociewie.pl\/?page_id=788"},"modified":"2025-02-23T18:37:04","modified_gmt":"2025-02-23T17:37:04","slug":"konferencje-2017","status":"publish","type":"page","link":"https:\/\/pielgrzymkakociewie.pl\/index.php\/audio\/konferencje\/konferencje-2017\/","title":{"rendered":"Konferencje 2017"},"content":{"rendered":"\n<p>Konferencja I &#8211; ks. Andrzej Tali\u0144ski<\/p>\n\n\n\n<figure class=\"wp-block-audio\"><audio controls src=\"https:\/\/pielgrzymkakociewie.pl\/wp-content\/uploads\/2017\/08\/konferencja_01.mp3\"><\/audio><\/figure>\n\n\n\n<p>Konferencja II &#8211; ks. Rafa\u0142 Barci\u0144ski<\/p>\n\n\n\n<figure class=\"wp-block-audio\"><audio controls src=\"https:\/\/pielgrzymkakociewie.pl\/wp-content\/uploads\/2017\/08\/konferencja_02.mp3\"><\/audio><\/figure>\n\n\n\n<p>Konferencja III &#8211; ks. S\u0142awomir Kunka<\/p>\n\n\n\n<figure class=\"wp-block-audio\"><audio controls src=\"https:\/\/pielgrzymkakociewie.pl\/wp-content\/uploads\/2017\/08\/konferencja_03.mp3\"><\/audio><\/figure>\n\n\n\n<p>Konferencja IV &#8211; ks. \u0141ukasz Simi\u0144ski<\/p>\n\n\n\n<figure class=\"wp-block-audio\"><audio controls src=\"https:\/\/pielgrzymkakociewie.pl\/wp-content\/uploads\/2017\/08\/konferencja_04.mp3\"><\/audio><\/figure>\n\n\n\n<p>Konferencja V &#8211; ks. Andrzej Tali\u0144ski<\/p>\n\n\n\n<figure class=\"wp-block-audio\"><audio controls src=\"https:\/\/pielgrzymkakociewie.pl\/wp-content\/uploads\/2017\/08\/konferencja_05.mp3\"><\/audio><\/figure>\n\n\n\n<p>Konferencja VI &#8211; ks. Tomasz Mo\u0144ko<\/p>\n\n\n\n<figure class=\"wp-block-audio\"><audio controls src=\"https:\/\/pielgrzymkakociewie.pl\/wp-content\/uploads\/2017\/08\/konferencja_06.mp3\"><\/audio><\/figure>\n\n\n\n<p>Konferencja VII &#8211; ks. Andrzej Nalborski<\/p>\n\n\n\n<figure class=\"wp-block-audio\"><audio controls src=\"https:\/\/pielgrzymkakociewie.pl\/wp-content\/uploads\/2017\/08\/konferencja_07.mp3\"><\/audio><\/figure>\n\n\n\n<p>Konferencja VIII &#8211; ks. Marcin Wawrzynkowski<\/p>\n\n\n\n<p><em>brak nagrania :-(<\/em><\/p>\n\n\n\n<p>Konferencja IX &#8211; ks. Antoni B\u0105czkowski<\/p>\n\n\n\n<figure class=\"wp-block-audio\"><audio controls src=\"https:\/\/pielgrzymkakociewie.pl\/wp-content\/uploads\/2017\/08\/konferencja_09.mp3\"><\/audio><\/figure>\n\n\n\n<p>Konferencja X &#8211; ks. Rafa\u0142 Barci\u0144ski<\/p>\n\n\n\n<figure class=\"wp-block-audio\"><audio controls src=\"https:\/\/pielgrzymkakociewie.pl\/wp-content\/uploads\/2017\/08\/konferencja_10.mp3\"><\/audio><\/figure>\n\n\n\n<p>Konferencja XI &#8211; ks. S\u0142awomir Kunka<\/p>\n\n\n\n<p>Cz\u0119\u015b\u0107 I<\/p>\n\n\n\n<figure class=\"wp-block-audio\"><audio controls src=\"https:\/\/pielgrzymkakociewie.pl\/wp-content\/uploads\/2017\/08\/konferencja_11_cz.1.mp3\"><\/audio><\/figure>\n\n\n\n<p>Cz\u0119\u015b\u0107 II<\/p>\n\n\n\n<figure class=\"wp-block-audio\"><audio controls src=\"https:\/\/pielgrzymkakociewie.pl\/wp-content\/uploads\/2017\/08\/konferencja_11_cz.2.mp3\"><\/audio><\/figure>\n\n\n\n<p>&nbsp;<\/p>\n\n\n\n<p>&nbsp;<\/p>\n","protected":false},"excerpt":{"rendered":"<p>Konferencja I &#8211; ks. Andrzej Tali\u0144ski Konferencja II &#8211; ks. Rafa\u0142 Barci\u0144ski Konferencja III &#8211; ks. S\u0142awomir Kunka Konferencja IV &#8211; ks. \u0141ukasz Simi\u0144ski Konferencja V &#8211; ks. Andrzej Tali\u0144ski Konferencja VI &#8211; ks. Tomasz Mo\u0144ko Konferencja VII &#8211; ks. Andrzej Nalborski Konferencja VIII &#8211; ks. Marcin Wawrzynkowski brak nagrania :-( Konferencja IX &#8211; ks. [&hellip;]<\/p>\n","protected":false},"author":1,"featured_media":0,"parent":1389,"menu_order":25,"comment_status":"closed","ping_status":"closed","template":"","meta":{"footnotes":""},"class_list":["post-788","page","type-page","status-publish","hentry"],"_links":{"self":[{"href":"https:\/\/pielgrzymkakociewie.pl\/index.php\/wp-json\/wp\/v2\/pages\/788","targetHints":{"allow":["GET"]}}],"collection":[{"href":"https:\/\/pielgrzymkakociewie.pl\/index.php\/wp-json\/wp\/v2\/pages"}],"about":[{"href":"https:\/\/pielgrzymkakociewie.pl\/index.php\/wp-json\/wp\/v2\/types\/page"}],"author":[{"embeddable":true,"href":"https:\/\/pielgrzymkakociewie.pl\/index.php\/wp-json\/wp\/v2\/users\/1"}],"replies":[{"embeddable":true,"href":"https:\/\/pielgrzymkakociewie.pl\/index.php\/wp-json\/wp\/v2\/comments?post=788"}],"version-history":[{"count":5,"href":"https:\/\/pielgrzymkakociewie.pl\/index.php\/wp-json\/wp\/v2\/pages\/788\/revisions"}],"predecessor-version":[{"id":7847,"href":"https:\/\/pielgrzymkakociewie.pl\/index.php\/wp-json\/wp\/v2\/pages\/788\/revisions\/7847"}],"up":[{"embeddable":true,"href":"https:\/\/pielgrzymkakociewie.pl\/index.php\/wp-json\/wp\/v2\/pages\/1389"}],"wp:attachment":[{"href":"https:\/\/pielgrzymkakociewie.pl\/index.php\/wp-json\/wp\/v2\/media?parent=788"}],"curies":[{"name":"wp","href":"https:\/\/api.w.org\/{rel}","templated":true}]}}